{"id":46,"date":"2018-09-05T11:11:29","date_gmt":"2018-09-05T11:11:29","guid":{"rendered":"http:\/\/bvb-fanclub-ortenau.de\/?page_id=46"},"modified":"2018-09-05T11:11:29","modified_gmt":"2018-09-05T11:11:29","slug":"ueber-uns","status":"publish","type":"page","link":"https:\/\/bvb-fanclub-ortenau.de\/?page_id=46","title":{"rendered":"\u00fcber uns"},"content":{"rendered":"<p>Unser Fanclub wurde am 25. April 1998 gegr\u00fcndet und erfreut sich Jahr f\u00fcr Jahr einem raschen Mitgliederzuwachs. Wir d\u00fcrfen uns gl\u00fccklich sch\u00e4tzen, mit Ehrenmitglied Hans &#8222;Cissi&#8220; Cieslarczyk einen siebenfachen Nationalspieler des BVB in unserem Fanclub-&#8222;Kader&#8220; zu haben.<\/p>\n<p>Wir leben (zum gr\u00f6\u00dften Teil) in der Ortenau, einem Landkreis im S\u00fcdwesten Deutschlands, der insgesamt 400.000 Einwohner auf einer Fl\u00e4che von 1.861 Quadratkilometern beheimatet. Die Ortenau ist eine von der Natur sichtlich verw\u00f6hnte Region. Blumen und Reben \u00fcberall, Obst in H\u00fclle und F\u00fclle, schmale T\u00e4ler und steile H\u00e4nge charakterisieren die Landschaft. Unter der badischen Sonne gedeihen die besten der deutschen Rot- und Rieslingweine. Kurz gesagt: Wir haben hier ein St\u00fcckchen vom Paradies gepachtet&#8230;<\/p>\n<p>Die Welt dreht sich bekanntlich um eine Kugel, die Sonne. Auch in unserem Fanclub dreht sich alles um eine Kugel, K\u00f6nig Fu\u00dfball. Wir sind Fans aus Leidenschaft.<\/p>\n<p>Wie auf dem Spielfeld macht es nur Spa\u00df, wenn aus zahlreichen Individuen ein Kollektiv entsteht, das gut harmoniert und teamf\u00e4hig ist. Wir vom BVB-Fanclub- Ortenau sind ein solches Kollektiv, eine Mann-, Frau-, M\u00e4dchen- und Jungenschaft, die gemeinsam schon sehr viel Tolles erlebt hat und nocherleben wird. <\/p>\n","protected":false},"excerpt":{"rendered":"<p>Unser Fanclub wurde am 25. April 1998 gegr\u00fcndet und erfreut sich Jahr f\u00fcr Jahr einem raschen Mitgliederzuwachs. Wir d\u00fcrfen uns gl\u00fccklich sch\u00e4tzen, mit Ehrenmitglied Hans &#8222;Cissi&#8220; Cieslarczyk einen siebenfachen Nationalspieler des BVB in unserem Fanclub-&#8222;Kader&#8220; zu haben. Wir leben (zum gr\u00f6\u00dften Teil) in der Ortenau, einem Landkreis im S\u00fcdwesten Deutschlands, der insgesamt 400.000 Einwohner auf &hellip; <\/p>\n<p class=\"link-more\"><a href=\"https:\/\/bvb-fanclub-ortenau.de\/?page_id=46\" class=\"more-link\">Read More<span class=\"screen-reader-text\"> &#8222;\u00fcber uns&#8220;<\/span><\/a><\/p>\n","protected":false},"author":1,"featured_media":0,"parent":0,"menu_order":0,"comment_status":"closed","ping_status":"closed","template":"","meta":{"footnotes":""},"class_list":["post-46","page","type-page","status-publish","hentry"],"_links":{"self":[{"href":"https:\/\/bvb-fanclub-ortenau.de\/index.php?rest_route=\/wp\/v2\/pages\/46","targetHints":{"allow":["GET"]}}],"collection":[{"href":"https:\/\/bvb-fanclub-ortenau.de\/index.php?rest_route=\/wp\/v2\/pages"}],"about":[{"href":"https:\/\/bvb-fanclub-ortenau.de\/index.php?rest_route=\/wp\/v2\/types\/page"}],"author":[{"embeddable":true,"href":"https:\/\/bvb-fanclub-ortenau.de\/index.php?rest_route=\/wp\/v2\/users\/1"}],"replies":[{"embeddable":true,"href":"https:\/\/bvb-fanclub-ortenau.de\/index.php?rest_route=%2Fwp%2Fv2%2Fcomments&post=46"}],"version-history":[{"count":1,"href":"https:\/\/bvb-fanclub-ortenau.de\/index.php?rest_route=\/wp\/v2\/pages\/46\/revisions"}],"predecessor-version":[{"id":47,"href":"https:\/\/bvb-fanclub-ortenau.de\/index.php?rest_route=\/wp\/v2\/pages\/46\/revisions\/47"}],"wp:attachment":[{"href":"https:\/\/bvb-fanclub-ortenau.de\/index.php?rest_route=%2Fwp%2Fv2%2Fmedia&parent=46"}],"curies":[{"name":"wp","href":"https:\/\/api.w.org\/{rel}","templated":true}]}}